{"id":106,"date":"2021-01-28T14:27:30","date_gmt":"2021-01-28T14:27:30","guid":{"rendered":"http:\/\/christuskirche-elisabethfehn.de\/?page_id=106"},"modified":"2024-11-29T11:57:11","modified_gmt":"2024-11-29T11:57:11","slug":"wir","status":"publish","type":"page","link":"https:\/\/christuskirche-elisabethfehn.de\/willkommen\/wir\/","title":{"rendered":"Wir"},"content":{"rendered":"\n<h5 class=\"wp-block-heading\"><strong>Elisabethfehn<\/strong><\/h5>\n\n\n\n<div class=\"wp-block-media-text is-stacked-on-mobile\" style=\"grid-template-columns:15% auto\"><figure class=\"wp-block-media-text__media\"><img loading=\"lazy\" decoding=\"async\" width=\"400\" height=\"400\" src=\"http:\/\/christuskirche-elisabethfehn.de\/wp-content\/uploads\/2021\/01\/LOGO_Christuskirche_Elisabethfehn-400px.jpg\" alt=\"\" class=\"wp-image-88 size-full\" srcset=\"https:\/\/christuskirche-elisabethfehn.de\/wp-content\/uploads\/2021\/01\/LOGO_Christuskirche_Elisabethfehn-400px.jpg 400w, https:\/\/christuskirche-elisabethfehn.de\/wp-content\/uploads\/2021\/01\/LOGO_Christuskirche_Elisabethfehn-400px-300x300.jpg 300w, https:\/\/christuskirche-elisabethfehn.de\/wp-content\/uploads\/2021\/01\/LOGO_Christuskirche_Elisabethfehn-400px-150x150.jpg 150w\" sizes=\"auto, (max-width: 400px) 100vw, 400px\" \/><\/figure><div class=\"wp-block-media-text__content\">\n<p>Mit dem Logo der Kirchengemeinde Elisabethfehn m\u00f6chten wir uns ihnen vorstellen. <br>Der weithin sichtbare Kirchturm ist Erkennungszeichen unser Kirche, die um die Jahrhundertwende von den Siedlern am Efehnkanal gebaut wurde. <br>Traditionell f\u00fchlen sich die Menschen in Elisabethfehn zu ihrer Kirche geh\u00f6rig und die vier farbigen Kreise stehen f\u00fcr das vielf\u00e4ltige Gemeindeleben unserer Kirchengemeinde. <br>Die Form des Logos ist den Rosettenfenstern des Altarraumes entliehen.<\/p>\n<\/div><\/div>\n\n\n\n<p>Die Christuskirche liegt in Elisabethfehn Dreibr\u00fccken in der typischen Fehnlandschaft direkt am Elisabethfehnkanal. <br>Neben der Kirche liegen der Friedhof, das Dr.- Martin-Luther-Haus und das Pfarrhaus. Hinter dem Pfarrhaus wird seit M\u00e4rz 2007 das Jugendhaus rege genutzt.&nbsp;<br>In der Nachbarschaft der Kirche befindet sich das Moor- und Fehnmuseum.<br>Zu unserer Kirchengemeinde geh\u00f6ren die Ortschaften Elisabethfehn, Bar\u00dfel, und ein Teil Str\u00fccklingens<\/p>\n\n\n\n<h5 class=\"wp-block-heading\"><strong>Christuskirche<\/strong><\/h5>\n\n\n\n<p>Die Architektur der Christuskirche ist typisch f\u00fcr die Jahrhundertwende. In dieser Bauform wurden viele Kirchen im Bereich der Oldenburgischen Kirche gebaut. DerGrundstein der Kirche wurde 1899 gelegt, 1900 war der Bau fertig. \u00dcber die Jahrzehnt hat sich die Kirche immer wieder ver\u00e4ndert. Die alten Buntglasfernster im Altarraum und die Kirchenb\u00e4nke wurden rausgenommen und die Kirche erhielt eine&nbsp;&#8222;modernere&#8220;&nbsp;Ausstattung. <br>2005 wurden die Fenster im Altarraum neu gestaltet. Sp\u00e4ter kamen neue Paramente hinzu, die der Glask\u00fcnstler G. Grohs entwarf in der Paramentenwerkstatt extra f\u00fcr uns angefertigt wurden.&nbsp;<\/p>\n\n\n\n<p><\/p>\n","protected":false},"excerpt":{"rendered":"<p>Elisabethfehn Mit dem Logo der Kirchengemeinde Elisabethfehn m\u00f6chten wir uns ihnen vorstellen. Der weithin sichtbare Kirchturm ist Erkennungszeichen unser Kirche, die um die Jahrhundertwende von den Siedlern am Efehnkanal gebaut wurde. Traditionell f\u00fchlen sich die Menschen in Elisabethfehn zu ihrer Kirche geh\u00f6rig und die vier farbigen Kreise stehen f\u00fcr das vielf\u00e4ltige Gemeindeleben unserer Kirchengemeinde. Die &hellip; <\/p>\n<p><a class=\"more-link btn\" href=\"https:\/\/christuskirche-elisabethfehn.de\/willkommen\/wir\/\">Weiterlesen<\/a><\/p>\n","protected":false},"author":1,"featured_media":0,"parent":0,"menu_order":0,"comment_status":"closed","ping_status":"closed","template":"","meta":{"footnotes":""},"class_list":["post-106","page","type-page","status-publish","hentry","nodate","item-wrap"],"_links":{"self":[{"href":"https:\/\/christuskirche-elisabethfehn.de\/willkommen\/wp-json\/wp\/v2\/pages\/106","targetHints":{"allow":["GET"]}}],"collection":[{"href":"https:\/\/christuskirche-elisabethfehn.de\/willkommen\/wp-json\/wp\/v2\/pages"}],"about":[{"href":"https:\/\/christuskirche-elisabethfehn.de\/willkommen\/wp-json\/wp\/v2\/types\/page"}],"author":[{"embeddable":true,"href":"https:\/\/christuskirche-elisabethfehn.de\/willkommen\/wp-json\/wp\/v2\/users\/1"}],"replies":[{"embeddable":true,"href":"https:\/\/christuskirche-elisabethfehn.de\/willkommen\/wp-json\/wp\/v2\/comments?post=106"}],"version-history":[{"count":45,"href":"https:\/\/christuskirche-elisabethfehn.de\/willkommen\/wp-json\/wp\/v2\/pages\/106\/revisions"}],"predecessor-version":[{"id":3110,"href":"https:\/\/christuskirche-elisabethfehn.de\/willkommen\/wp-json\/wp\/v2\/pages\/106\/revisions\/3110"}],"wp:attachment":[{"href":"https:\/\/christuskirche-elisabethfehn.de\/willkommen\/wp-json\/wp\/v2\/media?parent=106"}],"curies":[{"name":"wp","href":"https:\/\/api.w.org\/{rel}","templated":true}]}}