{"id":132,"date":"2021-01-28T14:54:15","date_gmt":"2021-01-28T14:54:15","guid":{"rendered":"http:\/\/christuskirche-elisabethfehn.de\/?page_id=132"},"modified":"2024-12-03T10:10:47","modified_gmt":"2024-12-03T10:10:47","slug":"fotos","status":"publish","type":"page","link":"https:\/\/christuskirche-elisabethfehn.de\/willkommen\/fotos\/","title":{"rendered":"Fotos"},"content":{"rendered":"\n<p><strong>Auf den folgenden Seiten finden Sie Fotos aus unserer Kirchengemeinde.<\/strong><\/p>\n\n\n\n<p><strong>Wir w\u00fcnschen Ihnen viel Spa\u00df beim St\u00f6bern!<\/strong><\/p>\n\n\n\n<figure class=\"wp-block-image size-full\"><img loading=\"lazy\" decoding=\"async\" width=\"1600\" height=\"720\" src=\"https:\/\/christuskirche-elisabethfehn.de\/wp-content\/uploads\/2024\/12\/IMG-20240709-WA0013.jpg\" alt=\"\" class=\"wp-image-3121\" srcset=\"https:\/\/christuskirche-elisabethfehn.de\/wp-content\/uploads\/2024\/12\/IMG-20240709-WA0013.jpg 1600w, https:\/\/christuskirche-elisabethfehn.de\/wp-content\/uploads\/2024\/12\/IMG-20240709-WA0013-300x135.jpg 300w, https:\/\/christuskirche-elisabethfehn.de\/wp-content\/uploads\/2024\/12\/IMG-20240709-WA0013-1024x461.jpg 1024w, https:\/\/christuskirche-elisabethfehn.de\/wp-content\/uploads\/2024\/12\/IMG-20240709-WA0013-768x346.jpg 768w, https:\/\/christuskirche-elisabethfehn.de\/wp-content\/uploads\/2024\/12\/IMG-20240709-WA0013-1536x691.jpg 1536w, https:\/\/christuskirche-elisabethfehn.de\/wp-content\/uploads\/2024\/12\/IMG-20240709-WA0013-750x338.jpg 750w\" sizes=\"auto, (max-width: 1600px) 100vw, 1600px\" \/><\/figure>\n\n\n\n<p><\/p>\n","protected":false},"excerpt":{"rendered":"<p>Auf den folgenden Seiten finden Sie Fotos aus unserer Kirchengemeinde. Wir w\u00fcnschen Ihnen viel Spa\u00df beim St\u00f6bern!<\/p>\n","protected":false},"author":1,"featured_media":0,"parent":0,"menu_order":0,"comment_status":"closed","ping_status":"closed","template":"","meta":{"footnotes":""},"class_list":["post-132","page","type-page","status-publish","hentry","nodate","item-wrap"],"_links":{"self":[{"href":"https:\/\/christuskirche-elisabethfehn.de\/willkommen\/wp-json\/wp\/v2\/pages\/132","targetHints":{"allow":["GET"]}}],"collection":[{"href":"https:\/\/christuskirche-elisabethfehn.de\/willkommen\/wp-json\/wp\/v2\/pages"}],"about":[{"href":"https:\/\/christuskirche-elisabethfehn.de\/willkommen\/wp-json\/wp\/v2\/types\/page"}],"author":[{"embeddable":true,"href":"https:\/\/christuskirche-elisabethfehn.de\/willkommen\/wp-json\/wp\/v2\/users\/1"}],"replies":[{"embeddable":true,"href":"https:\/\/christuskirche-elisabethfehn.de\/willkommen\/wp-json\/wp\/v2\/comments?post=132"}],"version-history":[{"count":8,"href":"https:\/\/christuskirche-elisabethfehn.de\/willkommen\/wp-json\/wp\/v2\/pages\/132\/revisions"}],"predecessor-version":[{"id":3124,"href":"https:\/\/christuskirche-elisabethfehn.de\/willkommen\/wp-json\/wp\/v2\/pages\/132\/revisions\/3124"}],"wp:attachment":[{"href":"https:\/\/christuskirche-elisabethfehn.de\/willkommen\/wp-json\/wp\/v2\/media?parent=132"}],"curies":[{"name":"wp","href":"https:\/\/api.w.org\/{rel}","templated":true}]}}