{"id":202,"date":"2021-01-28T18:52:39","date_gmt":"2021-01-28T18:52:39","guid":{"rendered":"http:\/\/christuskirche-elisabethfehn.de\/?page_id=202"},"modified":"2021-01-28T18:52:40","modified_gmt":"2021-01-28T18:52:40","slug":"datenschutzerklaerung","status":"publish","type":"page","link":"https:\/\/christuskirche-elisabethfehn.de\/willkommen\/datenschutzerklaerung\/","title":{"rendered":"Datenschutzerkl\u00e4rung"},"content":{"rendered":"\n<h1 class=\"wp-block-heading\"><\/h1>\n\n\n\n<p>Mit dieser Datenschutzerkl\u00e4rung informieren wir Sie \u00fcber die Verarbeitung Ihrer personenbezogenen Daten (im Folgenden auch nur \u201eDaten\u201c) bei dem Besuch unserer Website christuskirche-Elisabethfehn.de<\/p>\n\n\n\n<p>Ferner erhalten Sie Informationen \u00fcber die Ihnen zustehenden Rechte. Datenschutz hat bei uns einen sehr hohen Stellenwert und wir halten uns selbstverst\u00e4ndlich an die geltenden datenschutzrechtlichen Bestimmungen, insbesondere auch an die Europ\u00e4ische Datenschutz-Grundverordnung (DSGVO) sowie an das neue Bundesdatenschutzgesetz (BDSG 2018).<\/p>\n\n\n\n<hr class=\"wp-block-separator is-style-default\"\/>\n\n\n\n<p><strong>Grunds\u00e4tze der Datenverarbeitung<\/strong><\/p>\n\n\n\n<p>Personenbezogene Daten sind alle Informationen, die sich auf eine identifizierte oder identifizierbare nat\u00fcrliche Person beziehen. Hierzu geh\u00f6ren beispielsweise Informationen wie Ihr Name, Ihr Alter, Ihre Anschrift, Ihre Telefonnummer, Ihr Geburtsdatum, Ihre E-Mail-Adresse, Ihre IP-Adresse oder das Nutzerverhalten. Informationen, bei denen wir keinen (oder nur mit einem unverh\u00e4ltnism\u00e4\u00dfigen Aufwand einen) Bezug zu Ihrer Person herstellen k\u00f6nnen, z.B. durch Anonymisierung der Informationen, sind keine personenbezogenen Daten. Die Verarbeitung von personenbezogenen Daten (bspw. das Erheben, das Abfragen, die Verwendung, die Speicherung oder die \u00dcbermittlung) bedarf immer einer gesetzlichen Grundlage oder Ihrer Einwilligung. Verarbeitete personenbezogene Daten werden gel\u00f6scht, sobald der Zweck der Verarbeitung erreicht wurde und keine gesetzlich vorgeschriebenen Aufbewahrungspflichten mehr zu wahren sind.<\/p>\n\n\n\n<p><strong>Datenverarbeitung im Rahmen Ihres Besuch unserer Websites&nbsp;<\/strong><\/p>\n\n\n\n<p>Im Zusammenhang mit dem Besuch unserer Websites verarbeiten wir personenbezogene Daten von Ihnen. Dies geschieht zu den nachfolgend beschriebenen Zwecken und in dem nachfolgend beschriebenen Umfang. Wir geben Ihre Daten nicht an Dritte weiter.<\/p>\n\n\n\n<p><strong>Verantwortlicher (Art. 4 Nr. 7 DSGVO)<\/strong><br>Verantwortlicher ist:<br><strong>?????<\/strong><br>Verantwortlicher ist die nat\u00fcrliche oder juristische Person, die allein oder gemeinsam mit anderen \u00fcber die Zwecke und Mittel der Verarbeitung von personenbezogenen Daten (z.B. Namen, E-Mail-Adressen o. \u00c4.) entscheidet.<\/p>\n\n\n\n<hr class=\"wp-block-separator is-style-default\"\/>\n\n\n\n<p><strong>1. Bereitstellung und Nutzung der Webseite&nbsp;<\/strong><br><strong>a. Art und Umfang der Datenverarbeitung<br><\/strong>Bei Aufruf und Nutzung unserer Webseite erheben wir die personenbezogenen Daten, die Ihr Browser automatisch an unseren Server \u00fcbermittelt. Diese Informationen werden tempor\u00e4r in einem sog. Logfile gespeichert. Wenn Sie unsere Webseite nutzen, erheben wir die folgenden Daten, die f\u00fcr uns technisch erforderlich sind, um Ihnen unsere Webseite anzuzeigen und die Stabilit\u00e4t und Sicherheit zu gew\u00e4hrleisten:<\/p>\n\n\n\n<ul class=\"wp-block-list\"><li>IP-Adresse des anfragenden Rechners<\/li><li>Datum und Uhrzeit des Zugriffs<\/li><li>Name und URL der abgerufenen Datei<\/li><li>Website, von der aus der Zugriff erfolgt (Referrer-URL)<\/li><li>verwendeter Browser und ggf. das Betriebssystem Ihres Rechners, sowie der Name Ihres Access-Providers<\/li><\/ul>\n\n\n\n<p><strong>b. Rechtsgrundlage<br><\/strong>F\u00fcr die genannte Datenverarbeitung dient Art. 6 Abs. 1 lit. f DSGVO als Rechtsgrundlage. Die Verarbeitung der genannten Daten ist f\u00fcr die Bereitstellung einer Webseite erforderlich und dient damit der Wahrung eines berechtigten Interesses unseres Unternehmens.<\/p>\n\n\n\n<p><strong>c. Speicherdauer<\/strong><br>Sobald die genannten Daten zur Anzeige der Webseite nicht mehr erforderlich sind, werden sie gel\u00f6scht. Die Erfassung der Daten zur Bereitstellung der Webseite und die Speicherung der Daten in Logfiles ist f\u00fcr den Betrieb der Internetseite zwingend erforderlich. Es besteht folglich seitens des Nutzers keine Widerspruchsm\u00f6glichkeit. Eine weitergehende Speicherung kann im Einzelfall dann erfolgen, wenn dies gesetzlich vorgeschrieben ist.<\/p>\n\n\n\n<hr class=\"wp-block-separator is-style-default\"\/>\n\n\n\n<p><strong>2. Kontaktformular&nbsp;<\/strong><br><strong>a. Art und Umfang der Datenverarbeitung<br><\/strong>Auf unserer Webseite k\u00f6nnen Sie \u00fcber ein bereitgestelltes Formular mit uns in Kontakt zu treten. Im Rahmen des Absendevorgangs Ihrer Anfrage \u00fcber das Kontaktformular wird zur Einholung Ihrer Einwilligung auf diese Datenschutzerkl\u00e4rung verwiesen. Wenn Sie von dem Kontaktformular Gebrauch machen, werden dar\u00fcber die folgenden personenbezogenen Daten von Ihnen verarbeitet:<br>\u2013 Name&nbsp;(freiwillig)<br>\u2013 E-Mail\u2013Adresse&nbsp;(freiwillig)<br>\u2013 Inhalt der Nachricht<br>\u2013 Ihr Interesse<\/p>\n\n\n\n<p>Die Angabe Ihrer E-Mail\u2013Adresse dient dabei dem Zweck, Ihre Anfrage zuzuordnen und Ihnen antworten zu k\u00f6nnen. Bei der Nutzung des Kontaktformulars erfolgt keine Weitergabe Ihrer personenbezogenen Daten an Dritte.<\/p>\n\n\n\n<p><strong>b. Rechtsgrundlage<br><\/strong>Die vorgehend (vgl. \u00a7 4 4. a.) beschriebene Datenverarbeitung zum Zwecke der Kontaktaufnahme erfolgt nach Art. 6 Abs. 1 lit. a DSGVO auf der von Ihnen im Folgenden freiwillig abgegebenen Einwilligungserkl\u00e4rung:Mit der Eingabe meiner Daten und der Bet\u00e4tigung des Buttons \u201eAnfrage senden\u201c erkl\u00e4re ich mein Einverst\u00e4ndnis zur Verarbeitung meiner E-Mail \u2013 Adresse, meines Namens und Kundennummer f\u00fcr die Beantwortung meiner Kontaktanfrage. Ich habe die aktuelle Datenschutzerkl\u00e4rung gelesen und akzeptiere sie. Diese Einwilligung kann ich jederzeit mit Wirkung f\u00fcr die Zukunft widerrufen, indem ich mich an info@kirche-efehn.de wende.<\/p>\n\n\n\n<p>Ihre Einwilligung in die Verwendung Ihrer personenbezogenen Daten k\u00f6nnen Sie jederzeit mit einer E- Mail an den Verantwortlichen (siehe oben) mit Wirkung f\u00fcr die Zukunft widerrufen.<\/p>\n\n\n\n<p><strong>c. Speicherdauer<br><\/strong>Sobald die von Ihnen gestellte Anfrage erledigt und der betreffende Sachverhalt abschlie\u00dfend gekl\u00e4rt ist, werden die \u00fcber das Kontaktformular verarbeiteten personenbezogenen Daten von Ihnen gel\u00f6scht. Eine weitergehende Speicherung kann im Einzelfall erfolgen, wenn dies gesetzlich vorgeschrieben ist.<\/p>\n\n\n\n<hr class=\"wp-block-separator is-style-default\"\/>\n\n\n\n<hr class=\"wp-block-separator is-style-default\"\/>\n\n\n\n<p><strong>3. Einsatz von Cookies<\/strong><\/p>\n\n\n\n<p><strong>a. Art und Umfang der Datenverarbeitung<br><\/strong>Wir setzten auf unserer Webseite Cookies ein. Cookies sind kleine Dateien, die im Rahmen Ihres Besuchs unserer Internetseiten von uns an den Browser Ihres Endger\u00e4ts gesendet und dort gespeichert werden. Einige Funktionen unserer Internetseite k\u00f6nnen ohne den Einsatz technisch notwendiger Cookies nicht angeboten werden. Andere Cookies erm\u00f6glichen uns hingegen verschiedene Analysen. Cookies sind beispielsweise in der Lage, den von Ihnen verwendeten Browser bei einem erneuten Besuch unserer Webseite wiederzuerkennen und verschiedene Informationen an uns zu \u00fcbermitteln. Mithilfe von Cookies k\u00f6nnen wir unter anderem unser Internetangebot f\u00fcr Sie nutzerfreundlicher und effektiver gestalten, indem wir etwa Ihre Nutzung unserer Webseite nachvollziehen und Ihre bevorzugten Einstellungen (bspw. L\u00e4nder- und Spracheneinstellungen) feststellen. Sofern Dritte \u00fcber Cookies Informationen verarbeiten, erheben diese die Informationen direkt \u00fcber Ihren Browser. Cookies richten auf Ihrem Endger\u00e4t keinen Schaden an. Sie k\u00f6nnen keine Programme ausf\u00fchren und keine Viren enthalten. Auf unserer Webseite werden verschiedene Arten von Cookies verwendet, deren Art und Funktion nachfolgend n\u00e4her erl\u00e4utert wird.<\/p>\n\n\n\n<p><strong>Art 1: Transient-Cookies<\/strong><br>Auf unserer Webseite werden Transient-Cookies verwendet, die automatisch gel\u00f6scht werden, sobald Sie Ihren Browser schlie\u00dfen. Diese Art von Cookies erm\u00f6glicht es, Ihre Session-ID zu erfassen. Dadurch lassen sich verschie- dene Anfragen Ihres Browsers einer gemeinsamen Sitzung zuordnen und es ist uns m\u00f6glich, Ihr Endger\u00e4t bei sp\u00e4teren Webseitenbesuchen wiederzuer- kennen.<\/p>\n\n\n\n<p><strong>Art 2: Persistent-Cookies&nbsp;<\/strong><br>Auf unserer Webseite werden Persistente-Cookies eingesetzt. Persistent-Cookies sind Cookies, die \u00fcber einen l\u00e4ngeren Zeitraum in Ihrem Browser gespeichert werden und Informationen an uns \u00fcbermitteln. Die jeweilige Speicherdauer unterscheidet sich je nach Cookie. Sie k\u00f6nnen Persistent- Cookies eigenst\u00e4ndig \u00fcber Ihre Browsereinstellungen l\u00f6schen.<\/p>\n\n\n\n<p><strong>Funktion 1:&nbsp;<\/strong><br><strong>Erforderliche Cookies<\/strong><br>Diese Cookies werden aus technischen Gr\u00fcnden ben\u00f6tigt, damit Sie unsere Webseite besuchen und von uns angebotene Funktionen nutzen k\u00f6nnen. Dies bezieht sich beispielsweise auf folgende Anwendungen: Website- Tracking (Order Process).<br>Au\u00dferdem tragen diese Cookies zu einer sicheren und vorschriftsgem\u00e4\u00dfen Nutzung der Webseite bei.<\/p>\n\n\n\n<p><strong>Funktion 2:<\/strong><br><strong>Leistungsbezogene Cookies<\/strong><br>Mit Hilfe dieser Cookies ist es uns m\u00f6glich, eine Analyse der Webseitennutzung durchzuf\u00fchren und die Leistung und Funktionalit\u00e4t unserer Webseite zu verbessern. Es werden etwa Informationen dar\u00fcber erfasst, wie unsere Webseite von Besuchern genutzt wird, welche Seiten am h\u00e4ufigsten aufgerufen werden, oder ob auf bestimmten Seiten Fehlermeldungen angezeigt werden.<\/p>\n\n\n\n<p><strong>b. Rechtsgrundlage<\/strong><br>Aufgrund der beschriebenen Verwendungszwecke (vgl. \u00a7 6. a.) liegt die Rechtsgrundlage f\u00fcr die Verarbeitung personenbezogener Daten unter Verwendung von Cookies in Art. 6 Abs. 1 lit. f DSGVO. Falls Sie uns auf Grundlage eines von uns auf der Webseite erteilten Hinweises (\u201eCookie-Banner\u201c) Ihre Einwilligung zur Verwendung von Cookies erteilt haben, richtet sich die Rechtm\u00e4\u00dfigkeit der Verwendung zus\u00e4tzlich nach Art. 6 Abs. 1 S. 1 lit. a DSGVO.<\/p>\n\n\n\n<p><strong>c. Speicherdauer<\/strong><br>Sobald die \u00fcber die Cookies an uns \u00fcbermittelten Daten f\u00fcr die Erreichung der oben beschriebenen Zwecke nicht mehr erforderlich sind, werden diese Informationen gel\u00f6scht. Eine weitergehende Speicherung kann im Einzelfall dann erfolgen, wenn dies gesetzlich vorgeschrieben ist.<\/p>\n\n\n\n<hr class=\"wp-block-separator is-style-default\"\/>\n\n\n\n<p><strong>4. Hyperlinks<\/strong><\/p>\n\n\n\n<p>Auf unserer Webseite befinden sich sog. Hyperlinks zu Webseiten anderer Anbieter. Bei Aktivierung dieser Hyperlinks werden Sie von unserer Webseite direkt auf die Webseite der anderen Anbieter weitergeleitet. Sie erkennen dies u. a. am Wechsel der URL. Wir k\u00f6nnen keine Verantwortung f\u00fcr den vertraulichen Umgang Ihrer Daten auf diesen Webseiten Dritter \u00fcbernehmen, da wir keinen Einfluss darauf haben, dass diese Unternehmen die Datenschutzbestimmungen einhalten. \u00dcber den Umgang mit Ihren personenbezogenen Daten durch diese Unternehmen informieren Sie sich bitte direkt auf diesen Webseiten.<\/p>\n\n\n\n<hr class=\"wp-block-separator is-style-default\"\/>\n\n\n\n<p><strong>5. Betroffenenrechte<\/strong><\/p>\n\n\n\n<p>Aus der DSGVO ergeben sich f\u00fcr Sie als Betroffener einer Verarbeitung personenbezogener Daten die folgenden Rechte:<\/p>\n\n\n\n<ul class=\"wp-block-list\"><li>Gem\u00e4\u00df Art. 15 DSGVO k\u00f6nnen Sie Auskunft \u00fcber Ihre von uns verarbeiteten personenbezogenen Daten verlangen. Sie k\u00f6nnen insbesondere Auskunft \u00fcber die Verarbeitungszwecke, die Kategorien der personenbezogenen Daten, die Kategorien von Empf\u00e4ngern, gegen\u00fcber denen Ihre Daten offengelegt wurden oder werden, die geplante Speicherdauer, das Bestehen eines Rechts auf Berichtigung, L\u00f6schung, Einschr\u00e4nkung der Verarbeitung oder Widerspruch, das Bestehen eines Beschwerderechts, die Herkunft ihrer Daten, sofern diese nicht bei uns erhoben wurden, \u00fcber eine \u00dcbermittlung in Drittl\u00e4nder oder an internationale Organisationen sowie \u00fcber das Bestehen einer automatisierten Entscheidungsfindung einschlie\u00dflich Profiling und ggf. aussagekr\u00e4ftige Informationen zu deren Einzelheiten verlangen.<\/li><li>Gem\u00e4\u00df Art. 16 DSGVO k\u00f6nnen Sie unverz\u00fcglich die Berichtigung unrichtiger oder die Vervollst\u00e4ndigung Ihrer bei uns gespeicherten personenbezogenen Daten verlangen.<\/li><li>Gem\u00e4\u00df Art. 17 DSGVO k\u00f6nnen Sie die L\u00f6schung Ihrer bei uns gespeicherten personenbezogenen Daten verlangen, soweit die Verarbeitung nicht zur Aus\u00fcbung des Rechts auf freie Meinungs\u00e4u\u00dferung und Information, zur Erf\u00fcllung einer rechtlichen Verpflichtung, aus Gr\u00fcnden des \u00f6ffentlichen Interesses oder zur Geltendmachung, Aus\u00fcbung oder Verteidigung von Rechtsanspr\u00fcchen erforderlich ist.<\/li><li>Gem\u00e4\u00df Art. 18 DSGVO k\u00f6nnen Sie die Einschr\u00e4nkung der Verarbeitung Ihrer personenbezogenen Daten verlangen, soweit die Richtigkeit der Daten von Ihnen bestritten wird, die Verarbeitung unrechtm\u00e4\u00dfig ist, wir die Daten nicht mehr ben\u00f6tigen und Sie deren L\u00f6schung ablehnen, weil Sie diese zur Geltendmachung, Aus\u00fcbung oder Verteidigung von Rechtsanspr\u00fcchen ben\u00f6tigen. Das Recht aus Art. 18 DSGVO steht Ihnen auch zu, wenn Sie gem\u00e4\u00df Art. 21 DSGVO Widerspruch gegen die Verarbeitung eingelegt haben.<\/li><li>Gem\u00e4\u00df Art. 20 DSGVO k\u00f6nnen Sie verlangen, Ihre personenbezogenen Daten, die Sie uns bereitgestellt haben, in einem strukturierten, g\u00e4ngigen und maschinenlesebaren Format zu erhalten oder Sie k\u00f6nnen die \u00dcbermittlung an einen anderen Verantwortlichen verlangen.<\/li><li>Gem\u00e4\u00df Art. 7 Abs. 3 DSGVO k\u00f6nnen Sie Ihre einmal erteilte Einwilligung jederzeit gegen\u00fcber uns widerrufen. Dies hat zur Folge, dass wir die auf dieser Einwilligung beruhende Datenverarbeitung f\u00fcr die Zukunft nicht mehr fortf\u00fchren d\u00fcrfen.<\/li><li>Gem\u00e4\u00df Art. 77 DSGVO steht Ihnen das Recht zu, sich bei einer Aufsichtsbeh\u00f6rde zu beschweren. In der Regel k\u00f6nnen Sie sich hierf\u00fcr an die Aufsichtsbeh\u00f6rde Ihres \u00fcblichen Aufenthaltsortes, Ihres Arbeitsplatzes oder unseres Unternehmenssitzes wenden.<\/li><\/ul>\n\n\n\n<hr class=\"wp-block-separator is-style-default\"\/>\n\n\n\n<p><strong>6. Widerspruchsrecht<\/strong><\/p>\n\n\n\n<p><strong>Bei der Verarbeitung Ihrer personenbezogenen Daten auf Grundlage berechtigter Interessen gem\u00e4\u00df Art. 6 Abs. 1 S. 1 lit. f DSGVO, haben Sie das Recht, gem\u00e4\u00df Art. 21 DSGVO Widerspruch gegen die Verarbeitung Ihrer personenbezogenen Daten einzulegen, soweit daf\u00fcr Gr\u00fcnde vorliegen, die sich aus Ihrer besonderen Situation ergeben oder sich der Widerspruch gegen Direktwerbung richtet. Im Fall der Direktwerbung besteht f\u00fcr Sie ein generelles Widerspruchsrecht, das von uns ohne Angabe einer besonderen Situation umgesetzt wird.<\/strong><\/p>\n\n\n\n<hr class=\"wp-block-separator is-style-default\"\/>\n\n\n\n<p><strong>7. Datensicherheit und Sicherungsma\u00dfnahmen<\/strong><\/p>\n\n\n\n<p>Wir verpflichten uns, Ihre Privatsph\u00e4re zu sch\u00fctzen und Ihre personenbezogenen Daten vertraulich zu behandeln. Um eine Manipulation, einen Verlust oder einen Missbrauch Ihrer bei uns gespeicherten Daten zu vermeiden, treffen wir umfangreiche technische und organisatorische Sicherheitsvorkehrungen, die regelm\u00e4\u00dfig \u00fcberpr\u00fcft und dem technologischen Fortschritt angepasst werden. Hierzu geh\u00f6rt unter anderem die Verwendung anerkannter Verschl\u00fcsselungsverfahren (SSL oder TLS). Wir weisen Sie jedoch darauf hin, dass es aufgrund der Struktur des Internets m\u00f6glich ist, dass die Regeln des Datenschutzes und die o. g. Sicherungsma\u00dfnahmen von anderen, nicht innerhalb unseres Verantwortungsbereichs liegenden Personen oder Institutionen nicht beachtet werden. Insbesondere k\u00f6nnen unverschl\u00fcsselt preisgegebene Daten \u2013 z. B. wenn dies per E-Mail erfolgt \u2013 von Dritten mitgelesen werden. Wir haben technisch hierauf keinen Einfluss. Es liegt im Verantwortungsbereich des Nutzers, die von ihm zur Verf\u00fcgung gestellten Daten durch Verschl\u00fcsselung oder in sonstiger Weise gegen Missbrauch zu sch\u00fctzen.<\/p>\n\n\n\n<hr class=\"wp-block-separator is-style-default\"\/>\n\n\n\n<p>Bei Fragen zum Datenschutz stehen wir und unser Datenschutzbeauftragter unter den oben genannten Kontaktdaten zur Verf\u00fcgung.<\/p>\n","protected":false},"excerpt":{"rendered":"<p>Mit dieser Datenschutzerkl\u00e4rung informieren wir Sie \u00fcber die Verarbeitung Ihrer personenbezogenen Daten (im Folgenden auch nur \u201eDaten\u201c) bei dem Besuch unserer Website christuskirche-Elisabethfehn.de Ferner erhalten Sie Informationen \u00fcber die Ihnen zustehenden Rechte. Datenschutz hat bei uns einen sehr hohen Stellenwert und wir halten uns selbstverst\u00e4ndlich an die geltenden datenschutzrechtlichen Bestimmungen, insbesondere auch an die Europ\u00e4ische &hellip; <\/p>\n<p><a class=\"more-link btn\" href=\"https:\/\/christuskirche-elisabethfehn.de\/willkommen\/datenschutzerklaerung\/\">Weiterlesen<\/a><\/p>\n","protected":false},"author":1,"featured_media":0,"parent":0,"menu_order":0,"comment_status":"closed","ping_status":"closed","template":"","meta":{"footnotes":""},"class_list":["post-202","page","type-page","status-publish","hentry","nodate","item-wrap"],"_links":{"self":[{"href":"https:\/\/christuskirche-elisabethfehn.de\/willkommen\/wp-json\/wp\/v2\/pages\/202","targetHints":{"allow":["GET"]}}],"collection":[{"href":"https:\/\/christuskirche-elisabethfehn.de\/willkommen\/wp-json\/wp\/v2\/pages"}],"about":[{"href":"https:\/\/christuskirche-elisabethfehn.de\/willkommen\/wp-json\/wp\/v2\/types\/page"}],"author":[{"embeddable":true,"href":"https:\/\/christuskirche-elisabethfehn.de\/willkommen\/wp-json\/wp\/v2\/users\/1"}],"replies":[{"embeddable":true,"href":"https:\/\/christuskirche-elisabethfehn.de\/willkommen\/wp-json\/wp\/v2\/comments?post=202"}],"version-history":[{"count":1,"href":"https:\/\/christuskirche-elisabethfehn.de\/willkommen\/wp-json\/wp\/v2\/pages\/202\/revisions"}],"predecessor-version":[{"id":203,"href":"https:\/\/christuskirche-elisabethfehn.de\/willkommen\/wp-json\/wp\/v2\/pages\/202\/revisions\/203"}],"wp:attachment":[{"href":"https:\/\/christuskirche-elisabethfehn.de\/willkommen\/wp-json\/wp\/v2\/media?parent=202"}],"curies":[{"name":"wp","href":"https:\/\/api.w.org\/{rel}","templated":true}]}}