{"id":3092,"date":"2024-11-29T11:10:04","date_gmt":"2024-11-29T11:10:04","guid":{"rendered":"https:\/\/christuskirche-elisabethfehn.de\/willkommen\/?page_id=3092"},"modified":"2024-12-12T11:32:49","modified_gmt":"2024-12-12T11:32:49","slug":"gemeindekirchenrat","status":"publish","type":"page","link":"https:\/\/christuskirche-elisabethfehn.de\/willkommen\/gemeindekirchenrat\/","title":{"rendered":"Gemeindekirchenrat"},"content":{"rendered":"\n<p><\/p>\n\n\n\n<p>Der Gemeindekirchenrat der Kirchengemeinde Elisabethfehn trifft sich monatlich und entscheidet \u00fcber alle Fragen, die wir als Kirchengemeinde eigenst\u00e4ndig entscheiden k\u00f6nnen.<\/p>\n\n\n\n<p>Die Sitzungen sind \u00f6ffentlich und Besucher sind herzlich willkommen. Nur  Personalangelegenheiten werden nicht\u00f6ffentlich verhandelt.<\/p>\n\n\n\n<p> <\/p>\n\n\n\n<p><strong>Der Gemeindekirchenrat f\u00fcr die Wahlperiode 2024-2030:<\/strong><\/p>\n\n\n\n<figure class=\"wp-block-image size-large\"><img loading=\"lazy\" decoding=\"async\" width=\"1024\" height=\"683\" src=\"https:\/\/christuskirche-elisabethfehn.de\/wp-content\/uploads\/2024\/11\/Gemeindekirchenrat-2024-06-2-1024x683.jpg\" alt=\"\" class=\"wp-image-3107\" srcset=\"https:\/\/christuskirche-elisabethfehn.de\/wp-content\/uploads\/2024\/11\/Gemeindekirchenrat-2024-06-2-1024x683.jpg 1024w, https:\/\/christuskirche-elisabethfehn.de\/wp-content\/uploads\/2024\/11\/Gemeindekirchenrat-2024-06-2-300x200.jpg 300w, https:\/\/christuskirche-elisabethfehn.de\/wp-content\/uploads\/2024\/11\/Gemeindekirchenrat-2024-06-2-768x512.jpg 768w, https:\/\/christuskirche-elisabethfehn.de\/wp-content\/uploads\/2024\/11\/Gemeindekirchenrat-2024-06-2-1536x1024.jpg 1536w, https:\/\/christuskirche-elisabethfehn.de\/wp-content\/uploads\/2024\/11\/Gemeindekirchenrat-2024-06-2-2048x1365.jpg 2048w, https:\/\/christuskirche-elisabethfehn.de\/wp-content\/uploads\/2024\/11\/Gemeindekirchenrat-2024-06-2-750x500.jpg 750w\" sizes=\"auto, (max-width: 1024px) 100vw, 1024px\" \/><\/figure>\n\n\n\n<p><\/p>\n\n\n\n<p>Wiebke Perzul, Rebecca Battram, Hannes Coners, Bernhard Schaal, Anna Thoben, Thomas Schwarz, Carola Balzer, Ute L\u00fcken, Thomas Perzul, Mariechen Murra, Arne K\u00e4mpgen-Harms, Anja Frie\u00df, Michael Beckmann, Kim Kruse,  Alide Horstjann<\/p>\n\n\n\n<p>Auf dem Foto fehlen: Sonja Feldema, Christine Tinnefeld<\/p>\n\n\n\n<p><\/p>\n","protected":false},"excerpt":{"rendered":"<p>Der Gemeindekirchenrat der Kirchengemeinde Elisabethfehn trifft sich monatlich und entscheidet \u00fcber alle Fragen, die wir als Kirchengemeinde eigenst\u00e4ndig entscheiden k\u00f6nnen. Die Sitzungen sind \u00f6ffentlich und Besucher sind herzlich willkommen. Nur Personalangelegenheiten werden nicht\u00f6ffentlich verhandelt. Der Gemeindekirchenrat f\u00fcr die Wahlperiode 2024-2030: Wiebke Perzul, Rebecca Battram, Hannes Coners, Bernhard Schaal, Anna Thoben, Thomas Schwarz, Carola Balzer, Ute &hellip; <\/p>\n<p><a class=\"more-link btn\" href=\"https:\/\/christuskirche-elisabethfehn.de\/willkommen\/gemeindekirchenrat\/\">Weiterlesen<\/a><\/p>\n","protected":false},"author":1,"featured_media":0,"parent":0,"menu_order":0,"comment_status":"closed","ping_status":"closed","template":"","meta":{"footnotes":""},"class_list":["post-3092","page","type-page","status-publish","hentry","nodate","item-wrap"],"_links":{"self":[{"href":"https:\/\/christuskirche-elisabethfehn.de\/willkommen\/wp-json\/wp\/v2\/pages\/3092","targetHints":{"allow":["GET"]}}],"collection":[{"href":"https:\/\/christuskirche-elisabethfehn.de\/willkommen\/wp-json\/wp\/v2\/pages"}],"about":[{"href":"https:\/\/christuskirche-elisabethfehn.de\/willkommen\/wp-json\/wp\/v2\/types\/page"}],"author":[{"embeddable":true,"href":"https:\/\/christuskirche-elisabethfehn.de\/willkommen\/wp-json\/wp\/v2\/users\/1"}],"replies":[{"embeddable":true,"href":"https:\/\/christuskirche-elisabethfehn.de\/willkommen\/wp-json\/wp\/v2\/comments?post=3092"}],"version-history":[{"count":4,"href":"https:\/\/christuskirche-elisabethfehn.de\/willkommen\/wp-json\/wp\/v2\/pages\/3092\/revisions"}],"predecessor-version":[{"id":3163,"href":"https:\/\/christuskirche-elisabethfehn.de\/willkommen\/wp-json\/wp\/v2\/pages\/3092\/revisions\/3163"}],"wp:attachment":[{"href":"https:\/\/christuskirche-elisabethfehn.de\/willkommen\/wp-json\/wp\/v2\/media?parent=3092"}],"curies":[{"name":"wp","href":"https:\/\/api.w.org\/{rel}","templated":true}]}}