{"id":3096,"date":"2024-11-29T11:11:11","date_gmt":"2024-11-29T11:11:11","guid":{"rendered":"https:\/\/christuskirche-elisabethfehn.de\/willkommen\/?page_id=3096"},"modified":"2024-12-03T11:45:01","modified_gmt":"2024-12-03T11:45:01","slug":"chronik","status":"publish","type":"page","link":"https:\/\/christuskirche-elisabethfehn.de\/willkommen\/chronik\/","title":{"rendered":"Chronik"},"content":{"rendered":"\n<p><\/p>\n\n\n\n<p>Die Geschichte der Kirchengemeinde Elisabethfehn ist eng verbunden mit der Geschichte des Hunte-Ems-Kanals,(heute Elisabethfehn-Kanal) zu dessen Bau sich um 1860 die ersten Kolonisten im Bereich des neuen Kanalsansiedelten. Die meist aus Ostfriesland stammenden Familien waren \u00fcberwiegend evangelisch, w\u00e4hrend dieumliegenden Gemeinden Bar\u00dfel und Str\u00fccklingen ausschlie\u00dflich katholische Einwohner hatten.&nbsp;Als 1887 der Friedhof am Bollinger-Kanal eingerichtet wurde, fanden die Gottesdienste noch in der evangelischenGrundschule statt, betreut vom Pastor der angrenzenden evangelischen Gemeinde Apen. Mit dem Bau desPfarrhauses 1898 und der 1900 fertiggestellten neugotischen Christuskirche bekam die stetig wachsende Gemeindenun auch eine seelsorgerliche Betreuung vor Ort und ein langgew\u00fcnschtes Gotteshaus.&nbsp;Der Ort Elisabethfehn &#8211; 1880 so benannt nach der Gro\u00dfherzogin Elisabeth &#8211; war eine Moorkolonie. Harte Arbeitund bittere Armut pr\u00e4gten die Menschen, ebenso ein starker Glaube, der durch mache Notzeiten trug und dasLeben der Kirchengemeinde bestimmte. Die zwei Weltkriege brachten Unruhe und Leid, aber auch &#8211; in der Personvon Pastor Riese &#8211; seit 1934 den Mut zum christlichen Bekenntnis. Die Chronik legt Zeugnis ab \u00fcber den Widerstandder Bekennenden Kirche zur Zeit des NS Regimes.&nbsp;Kirche und Pfarrhaus blieben von den Zerst\u00f6rungen des Krieges verschont, 1974 wurde ein Gemeindehaus -das Dr. Martin Luther Haus gebaut. Seit 1993 ist die Kirchengemeinde auch Tr\u00e4gerin des evangelischen Jona-Kindergartens in der Rosenstrasse.&nbsp;1996 wurde nach 10 Jahren die Renovierung der Christuskirche abgeschlossen, die heute wieder in vielen Bereichender urspr\u00fcnglichen Gestaltung nahe kommt. Am 3. Oktober 2000 konnte die Gemeinde den&nbsp;&#8222;100. Geburtstag&#8220;&nbsp;ihrer Kirche feiern.&nbsp;2004 &#8211; 2005 wurde der Altarraum mit neuem Altar und Stehpult ausgestattet.&nbsp;2005 ist das Elisabethfenster an den urspr\u00fcnglichen Ort in der Elisabethkapelle versetzt worden. Zu diesem Anlass wurde auch die Kapelle mit Inschrift und neuem Boden wiederhergestellt.&nbsp;2006 Das ehemalige K\u00fcsterhaus wird als Jugendhaus umgebaut.&nbsp;Heute ist nur noch wenig zu sehen von der Geschichte des Ortes. Der Elisabethfehn-Kanal, fr\u00fcher Transportweg f\u00fcr den Torfabbau, dienst heute dem Wassersport. Die Moorkaten und kleinen H\u00e4user der Kolonisten sind freundlichen Einfamilienh\u00e4usern und Siedlungen gewichen. Die Kirchengemeinde z\u00e4hlt heute 3700 Mitglieder, viele von ihnen wohnen in Bar\u00dfel oder Str\u00fccklingen. Die Kirche und Gemeindehaus in Elisabethfehn sind weiterhin das Zentrum des Gemeindelebens mit vielf\u00e4ltigen Angeboten f\u00fcr alle Altersgruppen.&nbsp;<\/p>\n","protected":false},"excerpt":{"rendered":"<p>Die Geschichte der Kirchengemeinde Elisabethfehn ist eng verbunden mit der Geschichte des Hunte-Ems-Kanals,(heute Elisabethfehn-Kanal) zu dessen Bau sich um 1860 die ersten Kolonisten im Bereich des neuen Kanalsansiedelten. Die meist aus Ostfriesland stammenden Familien waren \u00fcberwiegend evangelisch, w\u00e4hrend dieumliegenden Gemeinden Bar\u00dfel und Str\u00fccklingen ausschlie\u00dflich katholische Einwohner hatten.&nbsp;Als 1887 der Friedhof am Bollinger-Kanal eingerichtet wurde, fanden &hellip; <\/p>\n<p><a class=\"more-link btn\" href=\"https:\/\/christuskirche-elisabethfehn.de\/willkommen\/chronik\/\">Weiterlesen<\/a><\/p>\n","protected":false},"author":1,"featured_media":0,"parent":0,"menu_order":0,"comment_status":"closed","ping_status":"closed","template":"","meta":{"footnotes":""},"class_list":["post-3096","page","type-page","status-publish","hentry","nodate","item-wrap"],"_links":{"self":[{"href":"https:\/\/christuskirche-elisabethfehn.de\/willkommen\/wp-json\/wp\/v2\/pages\/3096","targetHints":{"allow":["GET"]}}],"collection":[{"href":"https:\/\/christuskirche-elisabethfehn.de\/willkommen\/wp-json\/wp\/v2\/pages"}],"about":[{"href":"https:\/\/christuskirche-elisabethfehn.de\/willkommen\/wp-json\/wp\/v2\/types\/page"}],"author":[{"embeddable":true,"href":"https:\/\/christuskirche-elisabethfehn.de\/willkommen\/wp-json\/wp\/v2\/users\/1"}],"replies":[{"embeddable":true,"href":"https:\/\/christuskirche-elisabethfehn.de\/willkommen\/wp-json\/wp\/v2\/comments?post=3096"}],"version-history":[{"count":4,"href":"https:\/\/christuskirche-elisabethfehn.de\/willkommen\/wp-json\/wp\/v2\/pages\/3096\/revisions"}],"predecessor-version":[{"id":3134,"href":"https:\/\/christuskirche-elisabethfehn.de\/willkommen\/wp-json\/wp\/v2\/pages\/3096\/revisions\/3134"}],"wp:attachment":[{"href":"https:\/\/christuskirche-elisabethfehn.de\/willkommen\/wp-json\/wp\/v2\/media?parent=3096"}],"curies":[{"name":"wp","href":"https:\/\/api.w.org\/{rel}","templated":true}]}}