{"id":73,"date":"2021-01-28T09:21:50","date_gmt":"2021-01-28T09:21:50","guid":{"rendered":"http:\/\/christuskirche-elisabethfehn.de\/?page_id=73"},"modified":"2026-05-05T10:49:16","modified_gmt":"2026-05-05T10:49:16","slug":"taufe","status":"publish","type":"page","link":"https:\/\/christuskirche-elisabethfehn.de\/willkommen\/taufe\/","title":{"rendered":"Taufe"},"content":{"rendered":"\n<figure class=\"wp-block-gallery has-nested-images columns-default is-cropped wp-block-gallery-1 is-layout-flex wp-block-gallery-is-layout-flex\">\n<figure class=\"wp-block-image size-large\"><img loading=\"lazy\" decoding=\"async\" width=\"768\" height=\"1024\" data-id=\"3086\" src=\"https:\/\/christuskirche-elisabethfehn.de\/wp-content\/uploads\/2024\/11\/20240609_114304-768x1024.jpg\" alt=\"\" class=\"wp-image-3086\" srcset=\"https:\/\/christuskirche-elisabethfehn.de\/wp-content\/uploads\/2024\/11\/20240609_114304-768x1024.jpg 768w, https:\/\/christuskirche-elisabethfehn.de\/wp-content\/uploads\/2024\/11\/20240609_114304-225x300.jpg 225w, https:\/\/christuskirche-elisabethfehn.de\/wp-content\/uploads\/2024\/11\/20240609_114304-1152x1536.jpg 1152w, https:\/\/christuskirche-elisabethfehn.de\/wp-content\/uploads\/2024\/11\/20240609_114304-1536x2048.jpg 1536w, https:\/\/christuskirche-elisabethfehn.de\/wp-content\/uploads\/2024\/11\/20240609_114304-750x1000.jpg 750w, https:\/\/christuskirche-elisabethfehn.de\/wp-content\/uploads\/2024\/11\/20240609_114304-scaled.jpg 1920w\" sizes=\"auto, (max-width: 768px) 100vw, 768px\" \/><\/figure>\n\n\n\n<figure class=\"wp-block-image size-large\"><img loading=\"lazy\" decoding=\"async\" width=\"1024\" height=\"682\" data-id=\"3088\" src=\"https:\/\/christuskirche-elisabethfehn.de\/wp-content\/uploads\/2024\/11\/A7_00758-1024x682.jpg\" alt=\"\" class=\"wp-image-3088\" srcset=\"https:\/\/christuskirche-elisabethfehn.de\/wp-content\/uploads\/2024\/11\/A7_00758-1024x682.jpg 1024w, https:\/\/christuskirche-elisabethfehn.de\/wp-content\/uploads\/2024\/11\/A7_00758-300x200.jpg 300w, https:\/\/christuskirche-elisabethfehn.de\/wp-content\/uploads\/2024\/11\/A7_00758-768x512.jpg 768w, https:\/\/christuskirche-elisabethfehn.de\/wp-content\/uploads\/2024\/11\/A7_00758-1536x1024.jpg 1536w, https:\/\/christuskirche-elisabethfehn.de\/wp-content\/uploads\/2024\/11\/A7_00758-750x500.jpg 750w, https:\/\/christuskirche-elisabethfehn.de\/wp-content\/uploads\/2024\/11\/A7_00758.jpg 2000w\" sizes=\"auto, (max-width: 1024px) 100vw, 1024px\" \/><\/figure>\n\n\n\n<figure class=\"wp-block-image size-large\"><img loading=\"lazy\" decoding=\"async\" width=\"1024\" height=\"683\" data-id=\"3087\" src=\"https:\/\/christuskirche-elisabethfehn.de\/wp-content\/uploads\/2024\/11\/A7_01116-1-1024x683.jpg\" alt=\"\" class=\"wp-image-3087\" srcset=\"https:\/\/christuskirche-elisabethfehn.de\/wp-content\/uploads\/2024\/11\/A7_01116-1-1024x683.jpg 1024w, https:\/\/christuskirche-elisabethfehn.de\/wp-content\/uploads\/2024\/11\/A7_01116-1-300x200.jpg 300w, https:\/\/christuskirche-elisabethfehn.de\/wp-content\/uploads\/2024\/11\/A7_01116-1-768x512.jpg 768w, https:\/\/christuskirche-elisabethfehn.de\/wp-content\/uploads\/2024\/11\/A7_01116-1-1536x1024.jpg 1536w, https:\/\/christuskirche-elisabethfehn.de\/wp-content\/uploads\/2024\/11\/A7_01116-1-2048x1365.jpg 2048w, https:\/\/christuskirche-elisabethfehn.de\/wp-content\/uploads\/2024\/11\/A7_01116-1-750x500.jpg 750w\" sizes=\"auto, (max-width: 1024px) 100vw, 1024px\" \/><\/figure>\n<\/figure>\n\n\n\n<p><strong>Tauftermine:<\/strong><\/p>\n\n\n\n<p><\/p>\n\n\n\n<p>24.05.2026<\/p>\n\n\n\n<p>05.07.2026<\/p>\n\n\n\n<p>19.07.2026<\/p>\n\n\n\n<p>26.07.2026<\/p>\n\n\n\n<p><\/p>\n\n\n\n<p><\/p>\n\n\n\n<p><br>Bitte melden Sie sich an im Kirchenb\u00fcro unter der Telefonnummer: 04499-320&nbsp;<br><br>Bei einer Taufe muss ein Elternteil evangelisch sein. <br>Einer der Paten sollte evangelisch sein, alle Taufpaten m\u00fcssen einer christlichen Kirche angeh\u00f6ren.  Die Paten m\u00fcssen sich einen Patenschein besorgen von der Kirchengemeinde, der sie angeh\u00f6ren.&nbsp;<br><br>Wenn wir einen Termin vereinbart haben, melden die Pastoren sich ca. 1 Woche vorher bei Ihnen um ein Taufgespr\u00e4ch mit Ihnen zu f\u00fchren. Da bekommen Sie Informationen, wie die Taufe abl\u00e4uft und was alles ben\u00f6tigt wird.&nbsp;&nbsp;<br><br>Unter anderem bitten wir die Tauffamilien auch einen kleinen Fisch aus Pappe zu beschriften, den wir ins Netz im Altarraum h\u00e4ngen. Zur Tauferinnerung, zu der wir nach 8 Jahren einladen, erhalten die Kinder ihren Fisch dann zur\u00fcck. Auf dem Fisch sind Name, Geburts- und Taufdatum und Taufspruch zu notieren. Au\u00dferdem soll ein Foto des T\u00e4uflings aufgeklebt werden. Den Fisch bringen wir zum Taufgespr\u00e4ch mit.&nbsp;<br><br>Sie k\u00f6nnen sich auch gerne schon vorab einen Taufspruch aussuchen.<\/p>\n\n\n\n<div class=\"wp-block-file\"><a id=\"wp-block-file--media-118da609-fdea-40fb-8064-eed8d7963eff\" href=\"https:\/\/christuskirche-elisabethfehn.de\/wp-content\/uploads\/2021\/05\/Tauf-und-Trau-und-Konfirmationssprueche-1.pdf\">Tauf-und-Trau-und-Konfirmationssprueche-1<\/a><a href=\"https:\/\/christuskirche-elisabethfehn.de\/wp-content\/uploads\/2021\/05\/Tauf-und-Trau-und-Konfirmationssprueche-1.pdf\" class=\"wp-block-file__button wp-element-button\" download aria-describedby=\"wp-block-file--media-118da609-fdea-40fb-8064-eed8d7963eff\">Herunterladen<\/a><\/div>\n\n\n\n<div class=\"wp-block-file\"><a id=\"wp-block-file--media-84b280d3-8de3-4f2f-b365-362fb0118087\" href=\"http:\/\/christuskirche-elisabethfehn.de\/wp-content\/uploads\/2021\/03\/Anmeldung_zur_Taufe-1.pdf\">Anmeldung_zur_Taufe-1<\/a><a href=\"http:\/\/christuskirche-elisabethfehn.de\/wp-content\/uploads\/2021\/03\/Anmeldung_zur_Taufe-1.pdf\" class=\"wp-block-file__button wp-element-button\" download aria-describedby=\"wp-block-file--media-84b280d3-8de3-4f2f-b365-362fb0118087\">Herunterladen<\/a><\/div>\n\n\n\n<figure class=\"wp-block-image size-large\"><img loading=\"lazy\" decoding=\"async\" width=\"1024\" height=\"683\" src=\"http:\/\/christuskirche-elisabethfehn.de\/wp-content\/uploads\/2021\/01\/Millieu-Taufe-1200px-1024x683.jpg\" alt=\"\" class=\"wp-image-75\" srcset=\"https:\/\/christuskirche-elisabethfehn.de\/wp-content\/uploads\/2021\/01\/Millieu-Taufe-1200px-1024x683.jpg 1024w, https:\/\/christuskirche-elisabethfehn.de\/wp-content\/uploads\/2021\/01\/Millieu-Taufe-1200px-300x200.jpg 300w, https:\/\/christuskirche-elisabethfehn.de\/wp-content\/uploads\/2021\/01\/Millieu-Taufe-1200px-768x512.jpg 768w, https:\/\/christuskirche-elisabethfehn.de\/wp-content\/uploads\/2021\/01\/Millieu-Taufe-1200px-750x500.jpg 750w, https:\/\/christuskirche-elisabethfehn.de\/wp-content\/uploads\/2021\/01\/Millieu-Taufe-1200px.jpg 1200w\" sizes=\"auto, (max-width: 1024px) 100vw, 1024px\" \/><\/figure>\n","protected":false},"excerpt":{"rendered":"<p>Tauftermine: 24.05.2026 05.07.2026 19.07.2026 26.07.2026 Bitte melden Sie sich an im Kirchenb\u00fcro unter der Telefonnummer: 04499-320&nbsp; Bei einer Taufe muss ein Elternteil evangelisch sein. Einer der Paten sollte evangelisch sein, alle Taufpaten m\u00fcssen einer christlichen Kirche angeh\u00f6ren. Die Paten m\u00fcssen sich einen Patenschein besorgen von der Kirchengemeinde, der sie angeh\u00f6ren.&nbsp; Wenn wir einen Termin vereinbart &hellip; <\/p>\n<p><a class=\"more-link btn\" href=\"https:\/\/christuskirche-elisabethfehn.de\/willkommen\/taufe\/\">Weiterlesen<\/a><\/p>\n","protected":false},"author":1,"featured_media":0,"parent":0,"menu_order":0,"comment_status":"closed","ping_status":"closed","template":"","meta":{"footnotes":""},"class_list":["post-73","page","type-page","status-publish","hentry","nodate","item-wrap"],"_links":{"self":[{"href":"https:\/\/christuskirche-elisabethfehn.de\/willkommen\/wp-json\/wp\/v2\/pages\/73","targetHints":{"allow":["GET"]}}],"collection":[{"href":"https:\/\/christuskirche-elisabethfehn.de\/willkommen\/wp-json\/wp\/v2\/pages"}],"about":[{"href":"https:\/\/christuskirche-elisabethfehn.de\/willkommen\/wp-json\/wp\/v2\/types\/page"}],"author":[{"embeddable":true,"href":"https:\/\/christuskirche-elisabethfehn.de\/willkommen\/wp-json\/wp\/v2\/users\/1"}],"replies":[{"embeddable":true,"href":"https:\/\/christuskirche-elisabethfehn.de\/willkommen\/wp-json\/wp\/v2\/comments?post=73"}],"version-history":[{"count":35,"href":"https:\/\/christuskirche-elisabethfehn.de\/willkommen\/wp-json\/wp\/v2\/pages\/73\/revisions"}],"predecessor-version":[{"id":3494,"href":"https:\/\/christuskirche-elisabethfehn.de\/willkommen\/wp-json\/wp\/v2\/pages\/73\/revisions\/3494"}],"wp:attachment":[{"href":"https:\/\/christuskirche-elisabethfehn.de\/willkommen\/wp-json\/wp\/v2\/media?parent=73"}],"curies":[{"name":"wp","href":"https:\/\/api.w.org\/{rel}","templated":true}]}}