{"id":79,"date":"2021-01-28T13:31:12","date_gmt":"2021-01-28T13:31:12","guid":{"rendered":"http:\/\/christuskirche-elisabethfehn.de\/?page_id=79"},"modified":"2023-01-18T15:24:18","modified_gmt":"2023-01-18T15:24:18","slug":"trauungen-2","status":"publish","type":"page","link":"https:\/\/christuskirche-elisabethfehn.de\/willkommen\/trauungen-2\/","title":{"rendered":"Trauungen"},"content":{"rendered":"\n<p>Es ist immer sch\u00f6n, wenn zwei Menschen in Liebe zueinander finden&#8230;Die rechtliche Seite kl\u00e4ren Sie bitte mit Ihrem zust\u00e4ndigem Standesamt. Fragen f\u00fcr die kirchliche Trauung beantworten wir Ihnen gerne.&nbsp;<\/p>\n\n\n\n<p>Wann kann die Hochzeit sein? &#8211; Zun\u00e4chst sprechen Sie uns an und vereinbaren einen Termin mit uns. Wir sind  dienstags, donnerstags und freitags von 9-12 Uhr und mittwochs von 15-17 Uhr unter der Tele: 04499-320 zu erreichen. Als n\u00e4chstes vereinbart einer unserer Pastoren mit Ihnen einen Termin zum Traugespr\u00e4ch. Dabei geht es zun\u00e4chst darum, sich kennen zu lernen. In dem Gespr\u00e4ch wird es auch darum gehen, was die Ehe f\u00fcr die Kirche und auch f\u00fcr Sie bedeutet. Als kleine Hausaufgabe suchen Sie dann einen Trauspruch aus, der zu Ihnen passt.<\/p>\n\n\n\n<p>An Dokumenten ben\u00f6tigen wir Ihre pers\u00f6nlichen Angaben, wie Name, Adresse, Angaben \u00fcber die Taufe, Konfirmation, usw&#8230;&nbsp;Wie ist der Ablauf des Traugottesdienstes? &#8211; Es gibt viele M\u00f6glichkeiten den Traugottesdienst zu gestalten. Selbstverst\u00e4ndlich haben Sie selber auch viel Gestaltungsspielraum. <\/p>\n\n\n\n<p>Das Grundmuster eines Traugottesdienst sieht so aus:&nbsp;<br>&#8211; Orgelvorspiel mit Einzug<br>&#8211; Begr\u00fc\u00dfung- Lied- Psalm und Gebet<br>&#8211; Ansprache- Lied oder Musik- Trauung<br>&#8211; Lied oder Musik- F\u00fcrbitten und Vaterunser<br>&#8211; Schlusslied oder Musik<br>&#8211; Orgelnachspiel mit Auszug&nbsp;<\/p>\n\n\n\n<p>Sie k\u00f6nnen gerne Vorschl\u00e4ge machen f\u00fcr die Lieder oder Musikst\u00fccke. Die F\u00fcrbitten k\u00f6nnen auch von Freunden \u00fcbernommen werden. Wenn Sie f\u00fcr die musikalische Gestaltung Bekannte haben, k\u00f6nnen Sie dies gerne organisieren.&nbsp;<\/p>\n\n\n\n<p>Mein Partner ist katholisch &#8211; Bei uns sind \u00f6kumenische Trauungen keine Seltenheit. Die Hauptkonfession richtet sich nach der Kirche, in der die Trauung stattfindet. Der gastgebende Pastor vollzieht dann in der Regel die eigentliche Trauzeremonie, w\u00e4hrend der Gast die Ansprache h\u00e4lt. Normalerweise findet das Traugespr\u00e4ch dann auch mit beiden Pastoren statt. Vom katholischen Pfarramt ben\u00f6tigen Sie dann noch eine Erlaubnis, die Sie dann zum Traugespr\u00e4ch mitbringen.<\/p>\n\n\n\n<div class=\"wp-block-file\"><a id=\"wp-block-file--media-3cadc1e5-6093-428f-8e10-d7eb9c4ec2b9\" href=\"https:\/\/christuskirche-elisabethfehn.de\/wp-content\/uploads\/2021\/05\/Tauf-und-Trau-und-Konfirmationssprueche-2.pdf\">Tauf-und-Trau-und-Konfirmationssprueche-2<\/a><a href=\"https:\/\/christuskirche-elisabethfehn.de\/wp-content\/uploads\/2021\/05\/Tauf-und-Trau-und-Konfirmationssprueche-2.pdf\" class=\"wp-block-file__button\" download aria-describedby=\"wp-block-file--media-3cadc1e5-6093-428f-8e10-d7eb9c4ec2b9\">Herunterladen<\/a><\/div>\n\n\n\n<figure class=\"wp-block-image size-large\"><img loading=\"lazy\" decoding=\"async\" width=\"1024\" height=\"768\" src=\"http:\/\/christuskirche-elisabethfehn.de\/wp-content\/uploads\/2021\/01\/Millieu-Hochzeit-IMG_4356-1024x768.jpg\" alt=\"\" class=\"wp-image-80\" srcset=\"https:\/\/christuskirche-elisabethfehn.de\/wp-content\/uploads\/2021\/01\/Millieu-Hochzeit-IMG_4356-1024x768.jpg 1024w, https:\/\/christuskirche-elisabethfehn.de\/wp-content\/uploads\/2021\/01\/Millieu-Hochzeit-IMG_4356-300x225.jpg 300w, https:\/\/christuskirche-elisabethfehn.de\/wp-content\/uploads\/2021\/01\/Millieu-Hochzeit-IMG_4356-768x576.jpg 768w, https:\/\/christuskirche-elisabethfehn.de\/wp-content\/uploads\/2021\/01\/Millieu-Hochzeit-IMG_4356-750x563.jpg 750w, https:\/\/christuskirche-elisabethfehn.de\/wp-content\/uploads\/2021\/01\/Millieu-Hochzeit-IMG_4356.jpg 1200w\" sizes=\"auto, (max-width: 1024px) 100vw, 1024px\" \/><\/figure>\n","protected":false},"excerpt":{"rendered":"<p>Es ist immer sch\u00f6n, wenn zwei Menschen in Liebe zueinander finden&#8230;Die rechtliche Seite kl\u00e4ren Sie bitte mit Ihrem zust\u00e4ndigem Standesamt. Fragen f\u00fcr die kirchliche Trauung beantworten wir Ihnen gerne.&nbsp; Wann kann die Hochzeit sein? &#8211; Zun\u00e4chst sprechen Sie uns an und vereinbaren einen Termin mit uns. Wir sind dienstags, donnerstags und freitags von 9-12 Uhr &hellip; <\/p>\n<p><a class=\"more-link btn\" href=\"https:\/\/christuskirche-elisabethfehn.de\/willkommen\/trauungen-2\/\">Weiterlesen<\/a><\/p>\n","protected":false},"author":1,"featured_media":0,"parent":0,"menu_order":0,"comment_status":"closed","ping_status":"closed","template":"","meta":{"footnotes":""},"class_list":["post-79","page","type-page","status-publish","hentry","nodate","item-wrap"],"_links":{"self":[{"href":"https:\/\/christuskirche-elisabethfehn.de\/willkommen\/wp-json\/wp\/v2\/pages\/79","targetHints":{"allow":["GET"]}}],"collection":[{"href":"https:\/\/christuskirche-elisabethfehn.de\/willkommen\/wp-json\/wp\/v2\/pages"}],"about":[{"href":"https:\/\/christuskirche-elisabethfehn.de\/willkommen\/wp-json\/wp\/v2\/types\/page"}],"author":[{"embeddable":true,"href":"https:\/\/christuskirche-elisabethfehn.de\/willkommen\/wp-json\/wp\/v2\/users\/1"}],"replies":[{"embeddable":true,"href":"https:\/\/christuskirche-elisabethfehn.de\/willkommen\/wp-json\/wp\/v2\/comments?post=79"}],"version-history":[{"count":6,"href":"https:\/\/christuskirche-elisabethfehn.de\/willkommen\/wp-json\/wp\/v2\/pages\/79\/revisions"}],"predecessor-version":[{"id":2132,"href":"https:\/\/christuskirche-elisabethfehn.de\/willkommen\/wp-json\/wp\/v2\/pages\/79\/revisions\/2132"}],"wp:attachment":[{"href":"https:\/\/christuskirche-elisabethfehn.de\/willkommen\/wp-json\/wp\/v2\/media?parent=79"}],"curies":[{"name":"wp","href":"https:\/\/api.w.org\/{rel}","templated":true}]}}