{"id":82,"date":"2021-01-28T13:33:58","date_gmt":"2021-01-28T13:33:58","guid":{"rendered":"http:\/\/christuskirche-elisabethfehn.de\/?page_id=82"},"modified":"2024-11-29T10:50:19","modified_gmt":"2024-11-29T10:50:19","slug":"friedhof","status":"publish","type":"page","link":"https:\/\/christuskirche-elisabethfehn.de\/willkommen\/friedhof\/","title":{"rendered":"Friedhof"},"content":{"rendered":"\n<figure class=\"wp-block-image size-large\"><img loading=\"lazy\" decoding=\"async\" width=\"1024\" height=\"577\" src=\"https:\/\/christuskirche-elisabethfehn.de\/wp-content\/uploads\/2024\/11\/mohn.privat-1024x577.jpg\" alt=\"\" class=\"wp-image-3080\" srcset=\"https:\/\/christuskirche-elisabethfehn.de\/wp-content\/uploads\/2024\/11\/mohn.privat-1024x577.jpg 1024w, https:\/\/christuskirche-elisabethfehn.de\/wp-content\/uploads\/2024\/11\/mohn.privat-300x169.jpg 300w, https:\/\/christuskirche-elisabethfehn.de\/wp-content\/uploads\/2024\/11\/mohn.privat-768x433.jpg 768w, https:\/\/christuskirche-elisabethfehn.de\/wp-content\/uploads\/2024\/11\/mohn.privat-1536x866.jpg 1536w, https:\/\/christuskirche-elisabethfehn.de\/wp-content\/uploads\/2024\/11\/mohn.privat-2048x1155.jpg 2048w, https:\/\/christuskirche-elisabethfehn.de\/wp-content\/uploads\/2024\/11\/mohn.privat-750x423.jpg 750w\" sizes=\"auto, (max-width: 1024px) 100vw, 1024px\" \/><figcaption class=\"wp-element-caption\">Jpeg<\/figcaption><\/figure>\n\n\n\n<h5 class=\"wp-block-heading\" id=\"naturnaher-friedhof\">Naturnaher Friedhof<\/h5>\n\n\n\n<p>Wer sind wir? &#8211; Wir sind die Arbeitsgruppe &#8222;Naturnaher Friedhof&#8220;, die von den beiden Ev.-Luth. Kirchengemeinden Elisabethfehn und Reekenfeld gegr\u00fcndet wurde. Mit Interessierten aus der Bev\u00f6lkerung erarbeiten wir seit Herbst 2018 Konzepte und Ideen f\u00fcr einen naturnahen Friedhof. Zugleich tauschen wir uns mit anderen Projekten im Ammerland, Oldenburg und umzu aus.<\/p>\n\n\n\n<p>Was wollen wir? &#8211; Friedh\u00f6fe sind besondere Orte. Friedh\u00f6fe bieten Raum und Zeit f\u00fcr Abschiede und Gedenken. Und sie sind Orte des Lebens, gepr\u00e4gt durch Blumen auf Grabst\u00e4tten, Pflanzungen, Wiesen, Hecken, Baumalleen und Solit\u00e4rb\u00e4ume. So bieten Friedh\u00f6fe bedeutsame Lebensr\u00e4ume f\u00fcr Tiere und Pflanzen, immer h\u00e4ufiger sogar R\u00fcckzugsorte f\u00fcr gef\u00e4hrdete oder bedrohte Arten.<\/p>\n\n\n\n<p>Wir wollen Menschen daf\u00fcr gewinnen, mit uns in kleinen Schritten Ver\u00e4nderungen zu gestalten, die der Natur und letztlich durch uns helfen. Auf unseren Friedh\u00f6fen k\u00f6nnen wir zeigen, mit welchen Akzenten und Um\u00e4nderungen, auch ein Friedhof naturfreundlicher werden kann.<\/p>\n\n\n\n<p>Wenn wir tr\u00e4umen d\u00fcrften, &#8230; w\u00fcrden sich viele Menschen f\u00fcr diese Ideen begeistern und gemeinsam mit anderen beginnen, in ihren G\u00e4rten, Balkonen und auf den Grabstellen der Friedh\u00f6fe naturnaher zu gestalten.<\/p>\n\n\n\n<p>Beispiele f\u00fcr bienenfreundliche Gew\u00e4chse &#8211; Im Blumenbeet oder auf der Grabstelle:<\/p>\n\n\n\n<ul class=\"wp-block-list\">\n<li>arten und sortenreiche Gestaltung der Beete mit Blumen, Kr\u00e4utern und Stauden, die vom Fr\u00fchjahr bis in den sp\u00e4ten Herbst bl\u00fchen<\/li>\n\n\n\n<li>f\u00fcr Bienen: Astern, Sonnenblumen, ungef\u00fcllte Dahlien, Malvenarten<\/li>\n\n\n\n<li>f\u00fcr Hummeln: Akelei, Rittersporn, Eisenhut, L\u00f6wenmaul<\/li>\n\n\n\n<li>f\u00fcr Wildbienen: heimische Wildpflanzen, z. B. Natternkopf, Schafgarbe, Scharfer Hahnenfu\u00df<\/li>\n<\/ul>\n\n\n\n<p>Im Gem\u00fcsebeet: <\/p>\n\n\n\n<ul class=\"wp-block-list\">\n<li>Gr\u00fcnd\u00fcngungsmischungen, z. B. aus Phacelia, Buchweizen, Senf, Ackerbohnen, Kleearten, Borretsch, Ringelblumen, Malven<\/li>\n\n\n\n<li>Bl\u00fcten von Gem\u00fcsepflanzen, z. B. K\u00fcrbisgew\u00e4chse (Zucchini, K\u00fcrbis, Gurken), Zwiebeln, Kohl, M\u00f6hren und Kr\u00e4utern (Salbei, Rosmarin, Lavendel, Pfefferminze, Thymian)<\/li>\n<\/ul>\n\n\n\n<p>Im Ziergarten:<\/p>\n\n\n\n<ul class=\"wp-block-list\">\n<li>Obstb\u00e4ume, heimische Geh\u00f6lze (z. B. Schlehe, Pfaffenh\u00fctchen, Kornelkirsche, Wei\u00dfdorn)<\/li>\n\n\n\n<li>Beerenstr\u00e4ucher (z. B. Stachelbeere, Himbeere, Brombeere, Johannisbeere)<\/li>\n\n\n\n<li>K\u00e4tzchenweiden, Kletterpflanzen (z. B. Wilder Wein, Efeu, ungef\u00fcllte Kletterrosen)<\/li>\n<\/ul>\n\n\n\n<p>Auf dem Balkon oder auf der Grabstelle &#8211; Statt Geranien: Goldkosmos, Goldlack, F\u00e4cherblume, Kapuzinerkresse oder niedrige Strohblumen, Verbene, M\u00e4nnertreu, Wandelr\u00f6schen, L\u00f6wenm\u00e4ulchen, K\u00fcchenkr\u00e4uter.<\/p>\n\n\n\n<p><strong>Gest\u00f6rter Kreislauf &#8211; Informationen zur Grabgestaltung<\/strong>&nbsp;<\/p>\n\n\n\n<p>Versiegelung auf Friedh\u00f6fen mit Folgen:<br>Der Friedhof ist ein Ort der Trauer und des Gedenkens. Eine m\u00f6glichst individuelle Grabgestaltung betrachten die Angeh\u00f6rigen der Verstorbenen meistens als Herzensangelegenheit. Doch nicht alles, was gef\u00e4llt oder auch die Grabpflege erleichtert, ist unproblematisch!&nbsp;<\/p>\n\n\n\n<p>Bodenverh\u00e4ltnisse und Umweltrisiken:Anders als etwa in den USA oder England, wo das ewige Ruherecht gilt, gibt es die Wiederbelegungsregelung nach Ablauf der Ruhefrist auf deutschen Kirch- und Friedh\u00f6fen. Das hei\u00dft, dass die Ruhefrist (Totenruhe) bis zu dem Zeitpunkt einer Wiederbelegung eines Erdgrabes so bemessen wird, dass die Vererdung des zuvor Bestatteten abgeschlossen sein muss.&nbsp;<\/p>\n\n\n\n<p>Das Nieders\u00e4chsische Bestattungsgesetz sieht als Mindestruhefrist 20 Jahre vor. Jedoch ist dieser Zeitraum stark abh\u00e4ngig von den vorgefundenen Bodenprofilen und dem Einfluss bestimmter Standortbedingungen wie z. B. Bew\u00e4sserung oder Grababdeckungen.&nbsp;<\/p>\n\n\n\n<p>Voraussetzung f\u00fcr einen ordnungsgem\u00e4\u00dfen Vererdungsprozess ist Sauerstoff. Bei ungen\u00fcgender Sauerstoffversorgung der Grablage in 1,70 m Tiefe durch schwere B\u00f6den (Marsch- und Kleib\u00f6den), hochstehendes Grundwasser, aber auch Versiegelungen der Grabst\u00e4tte durch Ganz- oder Kiesabdeckungen verl\u00e4ngern sich die Vererdungszeiten erheblich &#8211; bis hin zur dauerhaften Konservierung des Leichnams.&nbsp;<\/p>\n\n\n\n<p>Was nach Ablauf der Ruhefrist nicht vererdet ist, wird auch nach 40 Jahren nicht mehr vererden. Untersuchungen haben ergeben, dass Grababdeckungen, Kies und Bodenverdichtungen etc. die Vererdung nachhaltig negativ beeinflussen.&nbsp;<\/p>\n\n\n\n<p>Gest\u00fctzt auf diese Untersuchungen gehen immer mehr Friedhofstr\u00e4ger dazu \u00fcber, die Gestaltungsfreiheit der Grabst\u00e4tten diesbez\u00fcglich einzuschr\u00e4nken, um die Rahmenbedingungen f\u00fcr eine nat\u00fcrliche Vererdung zu optimieren. Dies kann aber nur durch die Sensibilisierung der \u00d6ffentlichkeit, der Bestatter und Steinmetze zu dieser Thematik erreicht werden.&nbsp;<\/p>\n\n\n\n<p>Der Nieders\u00e4chsische Landesinnungsmeister der Bildhauer und Steinmetze, Helmut Steinbach, best\u00e4tigt dies:&nbsp;&#8222;Wir unterst\u00fctzen das und vermeiden aus den genannten Gr\u00fcnden Kies- oder Ganzabdeckung auf Grabst\u00e4tten.&#8220;&nbsp;<\/p>\n\n\n\n<p>Rechtlicher Rahmen:Die Umweltschutzgesetze gelten auch f\u00fcr Friedh\u00f6fe. Die Friedhofstr\u00e4ger (Kommunen und Kirchengemeinden) haben auf die entsprechenden Auflagen zu achten.&nbsp;<\/p>\n\n\n\n<p>Die Vererdung wird im Wesentlichen durch die Bodenverh\u00e4ltnisse bestimmt. Sie verl\u00e4uft am schnellsten in trockenen, gut durchl\u00fcfteten B\u00f6den. Undurchl\u00e4ssige B\u00f6den, ein hoher Grundwasserspiegel oder Stauwasser erschweren dies entscheidend.&nbsp;<\/p>\n\n\n\n<p>Gest\u00fctzt auf wissenschaftliche Untersuchungen sehen sich viele Friedhofstr\u00e4ger best\u00e4tigt, Folienabdeckungen, Kiesbeete, Teil- und Grenzabdeckungen auf Grabst\u00e4tten zu untersagen.&nbsp;<\/p>\n\n\n\n<p>Um auch zuk\u00fcnftigen Generationen das Bestatten in Familiengr\u00e4bern zu erm\u00f6glichen, sollten erkannte negative Einflussfaktoren vermieden werden. Dies verlangt auch gezielte Ma\u00dfnahmen f\u00fcr eine f\u00fcr alle vertretbare Friedhofsnutzung.&nbsp;<\/p>\n\n\n\n<p>Alternativen:Die Zeit, sich intensiv um eine Grabst\u00e4tte zu k\u00fcmmern, k\u00f6nnen immer weniger Menschen aus gesundheitlichen oder berufsbedingten Gr\u00fcnden aufbringen.&nbsp;<\/p>\n\n\n\n<p>Besonders berufst\u00e4tige, \u00e4ltere oder k\u00f6rperlich eingeschr\u00e4nkte Menschen sind nur selten dazu in der Lage, die Grabst\u00e4tte eines Verstorbenen in regelm\u00e4\u00dfigen Abst\u00e4nden zu pflegen. In einigen F\u00e4llen gibt es keine Angeh\u00f6rigen mehr oder man hat den Wunsch, seine Angeh\u00f6rigen schon zu Lebzeiten von der Pflicht der Grabpflege zu entbinden oder diese zu entlasten.&nbsp;<\/p>\n\n\n\n<p>Das ist nachvollziehbar, aber es gibt gute Alternativen zu Ganzabdeckungen und Kiesbeeten auf Grabst\u00e4tten. Gerne steht Ihnen der zust\u00e4ndige Friedhofsg\u00e4rtner oder die zust\u00e4ndige Friedhofsverwaltung beratend zur Seite.&nbsp;<\/p>\n\n\n\n<p>Rindenmulch als Alternative zum Kies:Rindenmulch zeichnet sich gegen\u00fcber dem Kies durch folgende Eigenschaften aus:&nbsp;<br>&#8211; Luftdurchl\u00e4ssig<br>&#8211; Bodenverbesserung<br>&#8211; Sch\u00fctzt vor Austrocknen<br>&#8211; Hilft gegen Erosion<br>&#8211; Temperaturenregulierung Sommer wie Winter<br>&#8211; D\u00fcngung<\/p>\n\n\n\n<h5 class=\"wp-block-heading\" id=\"aktuelle-friedhofsatzung\">Aktuelle Friedhofsatzung<\/h5>\n\n\n\n<div data-wp-interactive=\"core\/file\" class=\"wp-block-file\"><object data-wp-bind--hidden=\"!state.hasPdfPreview\" hidden class=\"wp-block-file__embed\" data=\"https:\/\/christuskirche-elisabethfehn.de\/wp-content\/uploads\/2022\/02\/Friedhofsatzung.pdf\" type=\"application\/pdf\" style=\"width:100%;height:600px\" aria-label=\"Einbettung von Friedhofsatzung.\"><\/object><a id=\"wp-block-file--media-0b6add48-6dcd-4b19-ad5a-f0397aad0125\" href=\"https:\/\/christuskirche-elisabethfehn.de\/wp-content\/uploads\/2022\/02\/Friedhofsatzung.pdf\">Friedhofsatzung<\/a><a href=\"https:\/\/christuskirche-elisabethfehn.de\/wp-content\/uploads\/2022\/02\/Friedhofsatzung.pdf\" class=\"wp-block-file__button wp-element-button\" download aria-describedby=\"wp-block-file--media-0b6add48-6dcd-4b19-ad5a-f0397aad0125\">Herunterladen<\/a><\/div>\n\n\n\n<div data-wp-interactive=\"core\/file\" class=\"wp-block-file\"><object data-wp-bind--hidden=\"!state.hasPdfPreview\" hidden class=\"wp-block-file__embed\" data=\"https:\/\/christuskirche-elisabethfehn.de\/wp-content\/uploads\/2024\/11\/Friedhofsgebuehrensatzung-neu-18.07.2024.pdf\" type=\"application\/pdf\" style=\"width:100%;height:600px\" aria-label=\"Einbettung von Friedhofsgeb\u00fchrensatzung neu 18.07.2024.\"><\/object><a id=\"wp-block-file--media-abd1d686-3c7f-44d5-8db2-f50595fab320\" href=\"https:\/\/christuskirche-elisabethfehn.de\/wp-content\/uploads\/2024\/11\/Friedhofsgebuehrensatzung-neu-18.07.2024.pdf\">Friedhofsgeb\u00fchrensatzung neu 18.07.2024<\/a><a href=\"https:\/\/christuskirche-elisabethfehn.de\/wp-content\/uploads\/2024\/11\/Friedhofsgebuehrensatzung-neu-18.07.2024.pdf\" class=\"wp-block-file__button wp-element-button\" download aria-describedby=\"wp-block-file--media-abd1d686-3c7f-44d5-8db2-f50595fab320\">Herunterladen<\/a><\/div>\n","protected":false},"excerpt":{"rendered":"<p>Naturnaher Friedhof Wer sind wir? &#8211; Wir sind die Arbeitsgruppe &#8222;Naturnaher Friedhof&#8220;, die von den beiden Ev.-Luth. Kirchengemeinden Elisabethfehn und Reekenfeld gegr\u00fcndet wurde. Mit Interessierten aus der Bev\u00f6lkerung erarbeiten wir seit Herbst 2018 Konzepte und Ideen f\u00fcr einen naturnahen Friedhof. Zugleich tauschen wir uns mit anderen Projekten im Ammerland, Oldenburg und umzu aus. Was wollen &hellip; <\/p>\n<p><a class=\"more-link btn\" href=\"https:\/\/christuskirche-elisabethfehn.de\/willkommen\/friedhof\/\">Weiterlesen<\/a><\/p>\n","protected":false},"author":1,"featured_media":0,"parent":0,"menu_order":0,"comment_status":"closed","ping_status":"closed","template":"","meta":{"footnotes":""},"class_list":["post-82","page","type-page","status-publish","hentry","nodate","item-wrap"],"_links":{"self":[{"href":"https:\/\/christuskirche-elisabethfehn.de\/willkommen\/wp-json\/wp\/v2\/pages\/82","targetHints":{"allow":["GET"]}}],"collection":[{"href":"https:\/\/christuskirche-elisabethfehn.de\/willkommen\/wp-json\/wp\/v2\/pages"}],"about":[{"href":"https:\/\/christuskirche-elisabethfehn.de\/willkommen\/wp-json\/wp\/v2\/types\/page"}],"author":[{"embeddable":true,"href":"https:\/\/christuskirche-elisabethfehn.de\/willkommen\/wp-json\/wp\/v2\/users\/1"}],"replies":[{"embeddable":true,"href":"https:\/\/christuskirche-elisabethfehn.de\/willkommen\/wp-json\/wp\/v2\/comments?post=82"}],"version-history":[{"count":13,"href":"https:\/\/christuskirche-elisabethfehn.de\/willkommen\/wp-json\/wp\/v2\/pages\/82\/revisions"}],"predecessor-version":[{"id":3081,"href":"https:\/\/christuskirche-elisabethfehn.de\/willkommen\/wp-json\/wp\/v2\/pages\/82\/revisions\/3081"}],"wp:attachment":[{"href":"https:\/\/christuskirche-elisabethfehn.de\/willkommen\/wp-json\/wp\/v2\/media?parent=82"}],"curies":[{"name":"wp","href":"https:\/\/api.w.org\/{rel}","templated":true}]}}